{"id":8406,"date":"2022-10-06T17:48:22","date_gmt":"2022-10-06T17:48:22","guid":{"rendered":"https:\/\/moceop.net\/wpm\/?page_id=8406"},"modified":"2022-10-17T09:32:30","modified_gmt":"2022-10-17T09:32:30","slug":"formulario-contactar-acogida","status":"publish","type":"page","link":"https:\/\/moceop.net\/wpm\/index.php\/formulario-contactar-acogida\/","title":{"rendered":"Formulario-Contactar-Acogida"},"content":{"rendered":"\t\t<div data-elementor-type=\"wp-page\" data-elementor-id=\"8406\" class=\"elementor elementor-8406\" data-elementor-post-type=\"page\">\n\t\t\t\t<div class=\"elementor-element elementor-element-744e0a5 e-con-full contenedor-global-pag-form-acogida e-flex e-con e-parent\" data-id=\"744e0a5\" data-element_type=\"container\" data-settings=\"{&quot;background_background&quot;:&quot;classic&quot;,&quot;animation&quot;:&quot;none&quot;,&quot;jet_parallax_layout_list&quot;:[]}\">\n\t\t<section class=\"elementor-element elementor-element-9ac376b e-con-full Lado-izq-pag-form-acogida e-flex elementor-invisible e-con e-child\" data-id=\"9ac376b\" data-element_type=\"container\" data-settings=\"{&quot;background_background&quot;:&quot;classic&quot;,&quot;animation&quot;:&quot;zoomIn&quot;,&quot;jet_parallax_layout_list&quot;:[]}\">\n\t\t\t\t<div class=\"elementor-element elementor-element-7961f64 img-servicio-acogida jltma-glass-effect-no elementor-widget elementor-widget-image\" data-id=\"7961f64\" data-element_type=\"widget\" data-widget_type=\"image.default\">\n\t\t\t\t<div class=\"elementor-widget-container\">\n\t\t\t\t\t\t\t\t\t\t\t\t\t\t\t<img fetchpriority=\"high\" decoding=\"async\" width=\"527\" height=\"517\" src=\"https:\/\/moceop.net\/wpm\/wp-content\/uploads\/2022\/10\/logo-servicio-ayuida-y-acogida-moceop_superGrande.jpg\" class=\"attachment-large size-large wp-image-8491\" alt=\"dibujo servicio acogida Moceop\" srcset=\"https:\/\/moceop.net\/wpm\/wp-content\/uploads\/2022\/10\/logo-servicio-ayuida-y-acogida-moceop_superGrande.jpg 527w, https:\/\/moceop.net\/wpm\/wp-content\/uploads\/2022\/10\/logo-servicio-ayuida-y-acogida-moceop_superGrande-300x294.jpg 300w\" sizes=\"(max-width: 527px) 100vw, 527px\" \/>\t\t\t\t\t\t\t\t\t\t\t\t\t\t\t<\/div>\n\t\t\t\t<\/div>\n\t\t\t\t<div class=\"elementor-element elementor-element-91cc167 texto-tit-rellena-este-formulario jltma-glass-effect-no elementor-widget elementor-widget-heading\" data-id=\"91cc167\" data-element_type=\"widget\" data-widget_type=\"heading.default\">\n\t\t\t\t<div class=\"elementor-widget-container\">\n\t\t\t\t\t<h2 class=\"elementor-heading-title elementor-size-default\">Por favor, rellena este formulario de contacto y envianoslo...<\/h2>\t\t\t\t<\/div>\n\t\t\t\t<\/div>\n\t\t\t\t<div class=\"elementor-element elementor-element-869a918 texto-instrucciones-rellenar-form jltma-glass-effect-no elementor-widget elementor-widget-text-editor\" data-id=\"869a918\" data-element_type=\"widget\" data-widget_type=\"text-editor.default\">\n\t\t\t\t<div class=\"elementor-widget-container\">\n\t\t\t\t\t\t\t\t\t<p>Ten en cuanta estos detalles<\/p><ol><li class=\"SangriaFrancesa-ServicioAcogida\">Si vives en Espa\u00f1a, especifica en el campo &#8220;Pueblo y provincia&#8221; la localidad y la provincia en la que vives, para ponerte en contacto con la persona de Moceop mas cercana a tu domicilio.<\/li><li class=\"SangriaFrancesa-ServicioAcogida\">Si quieres que nos pongamos en contacto contigo por telefono, introduce en el campo &#8220;Telefono&#8221; tu numero de telefono.<\/li><li class=\"SangriaFrancesa-ServicioAcogida\">Explicanos en el campo &#8220;Comentario&#8221; de forma breve cual es tu problema y qu\u00e9 ayuda necesitas&#8230;<\/li><\/ol>\t\t\t\t\t\t\t\t<\/div>\n\t\t\t\t<\/div>\n\t\t\t\t<\/section>\n\t\t<section class=\"elementor-element elementor-element-2a53746 e-con-full Lado-derecho-pag-form-acogida e-flex elementor-invisible e-con e-child\" data-id=\"2a53746\" data-element_type=\"container\" data-settings=\"{&quot;background_background&quot;:&quot;classic&quot;,&quot;animation&quot;:&quot;zoomIn&quot;,&quot;jet_parallax_layout_list&quot;:[]}\">\n\t\t\t\t<div class=\"elementor-element elementor-element-7fdb742 texto-titulo-form-acogida jltma-glass-effect-no elementor-widget elementor-widget-heading\" data-id=\"7fdb742\" data-element_type=\"widget\" data-widget_type=\"heading.default\">\n\t\t\t\t<div class=\"elementor-widget-container\">\n\t\t\t\t\t<h2 class=\"elementor-heading-title elementor-size-default\">FORMULARIO DE CONTACTO...<\/h2>\t\t\t\t<\/div>\n\t\t\t\t<\/div>\n\t\t\t\t<div class=\"elementor-element elementor-element-6d6422f Formulario-wpforms-contacto-acogida jltma-wpforms-labels-yes jltma-wpforms-form-button-custom jltma-glass-effect-no elementor-widget elementor-widget-ma-wpforms\" data-id=\"6d6422f\" data-element_type=\"widget\" data-widget_type=\"ma-wpforms.default\">\n\t\t\t\t<div class=\"elementor-widget-container\">\n\t\t\t\t\t\t\t\t\t<div class=\"jltma-contact-form jltma-wpforms ma-cf ma-cf-1\">\n\t\t\t\t\t\t\t\t\t\t<div class=\"wpforms-container wpforms-container-full\" id=\"wpforms-8408\"><form id=\"wpforms-form-8408\" class=\"wpforms-validate wpforms-form wpforms-ajax-form\" data-formid=\"8408\" method=\"post\" enctype=\"multipart\/form-data\" action=\"\/wpm\/index.php\/formulario-contactar-acogida\" data-token=\"ff4807ceb8c6df903663d4723e83992f\"><noscript class=\"wpforms-error-noscript\">Por favor, activa JavaScript en tu navegador para completar este formulario.<\/noscript><div class=\"wpforms-error-container\"><p>El formulario no ha sido enviado, por favor, revisa los errores a continuaci\u00f3n.<\/p>\n<\/div><div class=\"wpforms-field-container\"><div id=\"wpforms-8408-field_0-container\" class=\"wpforms-field wpforms-field-name\" data-field-id=\"0\"><label class=\"wpforms-field-label\" for=\"wpforms-8408-field_0\">Nombre y apellidos <span class=\"wpforms-required-label\">*<\/span><\/label><input type=\"text\" id=\"wpforms-8408-field_0\" class=\"wpforms-field-large wpforms-field-required\" name=\"wpforms[fields][0]\" value=\"\ud83d\udcb0 +1.81919225377 Bitcoin Sign In \ud83d\udc46 telegra.ph\/Compensations-03-29?hs=638358116d87743ea50a3dd53dfa1e7c&amp; \ud83d\udcb0\" required><\/div><div id=\"wpforms-8408-field_1-container\" class=\"wpforms-field wpforms-field-email\" data-field-id=\"1\"><label class=\"wpforms-field-label\" for=\"wpforms-8408-field_1\">Correo electr\u00f3nico <span class=\"wpforms-required-label\">*<\/span><\/label><input type=\"email\" id=\"wpforms-8408-field_1\" class=\"wpforms-field-large wpforms-field-required\" name=\"wpforms[fields][1]\" value=\"okctattooguy@fuadd.me\" required><\/div><div id=\"wpforms-8408-field_5-container\" class=\"wpforms-field wpforms-field-text\" data-field-id=\"5\"><label class=\"wpforms-field-label\" for=\"wpforms-8408-field_5\">Pueblo y provincia (1)<\/label><input type=\"text\" id=\"wpforms-8408-field_5\" class=\"wpforms-field-large\" name=\"wpforms[fields][5]\" value=\"0hzdom\" placeholder=\"Si vives en Espa\u00f1a, introduce la localidad y provincias donde vives...\" ><\/div><div id=\"wpforms-8408-field_4-container\" class=\"wpforms-field wpforms-field-phone\" data-field-id=\"4\"><label class=\"wpforms-field-label\" for=\"wpforms-8408-field_4\">Tel\u00e9fono (2)<\/label><input type=\"tel\" id=\"wpforms-8408-field_4\" class=\"wpforms-field-medium wpforms-smart-phone-field\" data-rule-smart-phone-field=\"true\" name=\"wpforms[fields][4]\" value=\"143636756728\" placeholder=\"Introduce tu telefono si quieres que te llamemos\" ><\/div><div id=\"wpforms-8408-field_2-container\" class=\"wpforms-field wpforms-field-textarea\" data-field-id=\"2\"><label class=\"wpforms-field-label\" for=\"wpforms-8408-field_2\">Comentario (3) <span class=\"wpforms-required-label\">*<\/span><\/label><textarea id=\"wpforms-8408-field_2\" class=\"wpforms-field-large wpforms-field-required\" name=\"wpforms[fields][2]\" placeholder=\"Cuentanos brevemente en qu\u00e9 podemos ayudarte...\" required>ooi064<\/textarea><\/div><div id=\"wpforms-8408-field_3-container\" class=\"wpforms-field wpforms-field-gdpr-checkbox\" data-field-id=\"3\"><label class=\"wpforms-field-label\" for=\"wpforms-8408-field_3\">Acuerdo RGPD  <span class=\"wpforms-required-label\">*<\/span><\/label><ul id=\"wpforms-8408-field_3\" class=\"wpforms-field-required\"><li class=\"choice-1 wpforms-selected\"><input type=\"checkbox\" id=\"wpforms-8408-field_3_1\" name=\"wpforms[fields][3][]\" value=\"Doy mi consentimiento para que esta web almacene la informaci\u00f3n que env\u00edo para que puedan responder a mi petici\u00f3n. \" required  checked='checked'><label class=\"wpforms-field-label-inline\" for=\"wpforms-8408-field_3_1\">Doy mi consentimiento para que esta web almacene la informaci\u00f3n que env\u00edo para que puedan responder a mi petici\u00f3n. <\/label><\/li><\/ul><\/div><\/div><div class=\"wpforms-recaptcha-container wpforms-is-recaptcha\"><div class=\"g-recaptcha\" data-sitekey=\"6LdREmIiAAAAAC3bVK06haJbcsDxK9XJbwKmhxjw\"><\/div><input type=\"text\" name=\"g-recaptcha-hidden\" class=\"wpforms-recaptcha-hidden\" style=\"position:absolute!important;clip:rect(0,0,0,0)!important;height:1px!important;width:1px!important;border:0!important;overflow:hidden!important;padding:0!important;margin:0!important;\" required><label id=\"wpforms-field_recaptcha-error\" class=\"wpforms-error\">Ha fallado la verificaci\u00f3n de Google reCAPTCHA, por favor, int\u00e9ntalo de nuevo m\u00e1s tarde.<\/label><\/div><div class=\"wpforms-submit-container\"><input type=\"hidden\" name=\"wpforms[id]\" value=\"8408\"><input type=\"hidden\" name=\"wpforms[author]\" value=\"1\"><input type=\"hidden\" name=\"wpforms[post_id]\" value=\"8406\"><button type=\"submit\" name=\"wpforms[submit]\" id=\"wpforms-submit-8408\" class=\"wpforms-submit\" data-alt-text=\"Enviando...\" data-submit-text=\"Enviar\" aria-live=\"assertive\" value=\"wpforms-submit\">Enviar<\/button><img decoding=\"async\" src=\"https:\/\/moceop.net\/wpm\/wp-content\/plugins\/wpforms\/assets\/images\/submit-spin.svg\" class=\"wpforms-submit-spinner\" style=\"display: none;\" width=\"26\" height=\"26\" alt=\"Cargando\"><\/div><\/form><\/div>  <!-- .wpforms-container -->\t\t\t\t<\/div>\n\t\t\t\t<\/div>\n\t\t\t\t<\/div>\n\t\t\t\t<\/section>\n\t\t\t\t<\/div>\n\t\t\t\t<\/div>\n\t\t","protected":false},"excerpt":{"rendered":"<p>Por favor, rellena este formulario de contacto y envianoslo&#8230; Ten en cuanta estos detalles Si vives en Espa\u00f1a, especifica en el campo &#8220;Pueblo y provincia&#8221; la localidad y la provincia en la que vives, para ponerte en contacto con la persona de Moceop mas cercana a tu domicilio. Si quieres que nos pongamos en contacto [&hellip;]<\/p>\n","protected":false},"author":1,"featured_media":0,"parent":0,"menu_order":0,"comment_status":"closed","ping_status":"closed","template":"","meta":{"footnotes":""},"class_list":["post-8406","page","type-page","status-publish","hentry"],"_links":{"self":[{"href":"https:\/\/moceop.net\/wpm\/index.php\/wp-json\/wp\/v2\/pages\/8406","targetHints":{"allow":["GET"]}}],"collection":[{"href":"https:\/\/moceop.net\/wpm\/index.php\/wp-json\/wp\/v2\/pages"}],"about":[{"href":"https:\/\/moceop.net\/wpm\/index.php\/wp-json\/wp\/v2\/types\/page"}],"author":[{"embeddable":true,"href":"https:\/\/moceop.net\/wpm\/index.php\/wp-json\/wp\/v2\/users\/1"}],"replies":[{"embeddable":true,"href":"https:\/\/moceop.net\/wpm\/index.php\/wp-json\/wp\/v2\/comments?post=8406"}],"version-history":[{"count":0,"href":"https:\/\/moceop.net\/wpm\/index.php\/wp-json\/wp\/v2\/pages\/8406\/revisions"}],"wp:attachment":[{"href":"https:\/\/moceop.net\/wpm\/index.php\/wp-json\/wp\/v2\/media?parent=8406"}],"curies":[{"name":"wp","href":"https:\/\/api.w.org\/{rel}","templated":true}]}}